{"id":21,"date":"2023-04-25T09:16:46","date_gmt":"2023-04-25T09:16:46","guid":{"rendered":"https:\/\/tvrtko.jolic.ifzg.hr\/?page_id=21"},"modified":"2024-12-15T10:32:00","modified_gmt":"2024-12-15T10:32:00","slug":"publications","status":"publish","type":"page","link":"https:\/\/tvrtko.jolic.ifzg.hr\/index.php\/publications\/","title":{"rendered":"Publications"},"content":{"rendered":"\n<h4 class=\"wp-block-heading\"><em>Books edited<\/em><\/h4>\n\n\n\n<p>2017 &nbsp;&nbsp; <em>Bo\u017eje postojanje i Bo\u017eji atributi <\/em>[<em>God\u2019s Existence and God\u2019s Attributes<\/em>], Institut za filozofiju i Udruga za promicanje filozofije, Zagreb.<\/p>\n\n\n\n<p>2016&nbsp;&nbsp;&nbsp;&nbsp; <em>Filozofija politike. Naslje\u0111e i perspektive <\/em>[<em>Political Philosophy: Legacy and Perspectives<\/em>], Institut za filozofiju, Zagreb (with L. Bor\u0161i\u0107 and P. \u0160egedin).<\/p>\n\n\n\n<p>2014&nbsp;&nbsp;&nbsp;&nbsp; <em>Filozofija i hrvatski jezik <\/em>[<em>Philosophy and Croatian Language<\/em>], Institut za filozofiju, Zagreb (with L. Bor\u0161i\u0107 and P. \u0160egedin).<\/p>\n\n\n\n<h4 class=\"wp-block-heading\"><em>Articles and Books Chapters<\/em><\/h4>\n\n\n\n<p>2024 \u201cFifty Years of Research into Croatian Political Philosophy. On Political Philosophy in Contributions to the Research of Croatian Philosophical Heritage.\u201d <em>Prilozi za istra\u017eivanje hrvatske filozofske ba\u0161tine<\/em> 50 (100), 2; 703-730. https:\/\/doi.org\/10.52685\/pihfb.50.2(100).8 (in Croatian)<\/p>\n\n\n\n<p>2022     \u201cKruno Krsti\u0107 on peoples, nations and cohabitation.\u201d <em>Prilozi za istra\u017eivanje hrvatske filozofske ba\u0161tine<\/em> 48 (2022), 2; 327-346 doi:10.52685\/pihfb.48.2(96).3 (in Croatian, with Viktor Ivankovi\u0107)<\/p>\n\n\n\n<p>2022     \u201cProductivity of Croatian philosophers 2004\u20132020.\u201d <em>Prolegomena<\/em> 21 (2022), 2; 193-208 doi:10.26362\/20220204 (in Croatian, with Filip Grgi\u0107)<\/p>\n\n\n\n<p>2021 &nbsp;&nbsp; \u201cGod, Worship, and Freedom.\u201d <em>Pro-Fil. An Internet Journal of Philosophy<\/em> 22 (2021): 45-55 (with Davor Pe\u0107njak).<\/p>\n\n\n\n<p>2021 &nbsp;&nbsp; \u201cEquality of Respect.\u201d In S. Kutle\u0161a (ed.), <em>Domovina, zavi\u010daj, svijet<\/em>. Zagreb: Institut of Philosophy, 2021. pp. 87-98 (in Croatian).<\/p>\n\n\n\n<p>2020 &nbsp;&nbsp; \u201cIntentions and Historical Injustices.\u201d In Vacura, M. (ed.). <em>Beyond the State and the Citizen<\/em>. Prague: University of Economics and Business, Oeconomica Publishing House, 2020, pp. 42-55. doi:10.18267\/pr.2020.vac.2397.0.<\/p>\n\n\n\n<p>2020 &nbsp;&nbsp; \u201cThe Double Pendulum of History. Vuk-Pavlovi\u0107\u2019s Philosophy of History.\u201d <em>Nova prisutnost<\/em> 18 (2020), 3; pp. 445-454. doi:10.31192\/np.18.3.1 (in Croatian).<\/p>\n\n\n\n<p>2020 &nbsp;&nbsp; \u201cGoals and functions of public argumentation.\u201d <em>SocArXiv<\/em>, 29 May 2020. doi: https:\/\/doi.org\/10.31235\/osf.io\/ezub8 (with Zenker, Frank et al.)<\/p>\n\n\n\n<p>2019 &nbsp;&nbsp; \u201cNon-state actors and ethics of international relations, <em>Dru\u0161tvena istra\u017eivanja<\/em> 28 (2019), 4, 711-729 doi:10.5559\/di.28.4.08. (in Croatian)<\/p>\n\n\n\n<p>2018 &nbsp;&nbsp; \u201cCommunity and values. Politics in works of Pavao Vuk-Pavlovi\u0107.\u201d <em>Proceedings from scientific conference<\/em>\/ Ali\u0107, Sead (ur.). Vara\u017edin: Sveu\u010dili\u0161te Sjever, 40-51. (in Croatian)<\/p>\n\n\n\n<p>2017&nbsp;&nbsp;&nbsp;&nbsp; \u201cForeword\u201d. In Joli\u0107, T. (ed.), <em>God\u2019s Existence and God\u2019s Attributes<\/em>. Zagreb: Institut za filozofiju &#8211; Udruga za promicanje filozofije, 7-10 (in Croatian).<\/p>\n\n\n\n<p>2016&nbsp;&nbsp;&nbsp;&nbsp; \u201cDemocracy as human right\u201d. In Bor\u0161i\u0107, L., Joli\u0107, T., \u0160egedin, P. (eds.), <em>Philosophy of Politics: Legacy and Perspectives<\/em>. Zagreb: Institut za filozofiju, 45-73 (in Croatian).<\/p>\n\n\n\n<p>2014&nbsp;&nbsp;&nbsp;&nbsp; \u201cClimate change and human moral enhancement\u201d. In Domazet, M. and Marinovi\u0107 Jerolimov, D. (eds.), <em>Sustainability Perspectives from the European Semi-periphery<\/em>. Zagreb: Institute for Social research, 79-91.<\/p>\n\n\n\n<p>2013&nbsp;&nbsp;&nbsp;&nbsp; \u201cNational Interest and Ethics of International Relations\u201d, <em>Politi\u010dka misao<\/em> 50 (2013) 1: 38-57 (in Croatian).<\/p>\n\n\n\n<p>2013&nbsp;&nbsp;&nbsp;&nbsp; \u201cMoral responsibility and group agents\u201d, <em>Prolegomena<\/em> 12 (2013), 2, 261-276 (in Croatian).<\/p>\n\n\n\n<p>2013&nbsp;&nbsp;&nbsp;&nbsp; \u201cGlobal poverty and international distributive justice\u201d, <em>Dru\u0161tvena istra\u017eivanja<\/em> 22 (2013) 4: 713-131. (in Croatian).<\/p>\n\n\n\n<p>2011&nbsp;&nbsp;&nbsp;&nbsp; \u201cPolitical Realism and Anarchy in International Relations\u201d, <em>Prolegomena<\/em> 10 (2011) 1: 113-130 (in Croatian).<\/p>\n\n\n\n<p>2007&nbsp;&nbsp;&nbsp;&nbsp; \u201cPhilosophical institutions in Croatia in 20. century\u201d. In Barbari\u0107, D. and Zenko, F. (eds.) <em>Croatian Philosophy in 20<sup>th<\/sup> Century<\/em>. Zagreb: Matica hrvatska, 27-40 (in Croatian).<\/p>\n\n\n\n<h4 class=\"wp-block-heading\"><em>Book reviews<\/em><\/h4>\n\n\n\n<p>2021&nbsp;&nbsp;&nbsp;&nbsp; Stipe Buzar, <em>Realizam i teorija pravednog rata<\/em>, <em>Prolegomena<\/em> 19 \/ 1 (2021), 135-138.<\/p>\n\n\n\n<p>2014 &nbsp;&nbsp; Hrvoje Cvijanovi\u0107, <em>Politi\u010dka vizija Thomasa Hobbesa<\/em>, <em>Politi\u010dke perspektive<\/em> 4\/10 (2014), 85-89.<\/p>\n\n\n\n<p>2007&nbsp;&nbsp;&nbsp;&nbsp; Nenad Mi\u0161\u010devi\u0107, <em>Nacionalizam: eti\u010dki pogled<\/em>, <em>Prolegomena<\/em> 6\/1 (2007), 149-154.<\/p>\n\n\n\n<p>2005&nbsp;&nbsp;&nbsp;&nbsp; Robert Nozick, <em>Anarhija, dr\u017eava i utopija<\/em>, <em>Prolegomena<\/em> 4\/1 (2005), 145-148.<\/p>\n\n\n\n<p>2005&nbsp;&nbsp;&nbsp;&nbsp; Tihomir Cipek and Josip Vrande\u010di\u0107 (ur.), <em>Hrestomatija liberalnih ideja u Hrvatskoj<\/em>, Prolegomena 4\/2 (2005), 249-251.<\/p>\n\n\n\n<p>2004&nbsp;&nbsp;&nbsp;&nbsp; Daniel Bell, <em>Komunitarizam i njegovi kriti\u010dari<\/em>, Prolegomena 3\/1 (2004), 90-92.<\/p>\n","protected":false},"excerpt":{"rendered":"<p>Books edited 2017 &nbsp;&nbsp; Bo\u017eje postojanje i Bo\u017eji atributi [God\u2019s Existence and God\u2019s Attributes], Institut za filozofiju i Udruga za promicanje filozofije, Zagreb. 2016&nbsp;&nbsp;&nbsp;&nbsp; Filozofija politike. Naslje\u0111e i perspektive [Political Philosophy: Legacy and Perspectives], Institut za filozofiju, Zagreb (with L. Bor\u0161i\u0107 and P. \u0160egedin). 2014&nbsp;&nbsp;&nbsp;&nbsp; Filozofija i hrvatski jezik [Philosophy and Croatian Language], Institut za [&hellip;]<\/p>\n","protected":false},"author":1,"featured_media":0,"parent":0,"menu_order":0,"comment_status":"closed","ping_status":"closed","template":"","meta":{"footnotes":""},"class_list":["post-21","page","type-page","status-publish","hentry"],"_links":{"self":[{"href":"https:\/\/tvrtko.jolic.ifzg.hr\/index.php\/wp-json\/wp\/v2\/pages\/21","targetHints":{"allow":["GET"]}}],"collection":[{"href":"https:\/\/tvrtko.jolic.ifzg.hr\/index.php\/wp-json\/wp\/v2\/pages"}],"about":[{"href":"https:\/\/tvrtko.jolic.ifzg.hr\/index.php\/wp-json\/wp\/v2\/types\/page"}],"author":[{"embeddable":true,"href":"https:\/\/tvrtko.jolic.ifzg.hr\/index.php\/wp-json\/wp\/v2\/users\/1"}],"replies":[{"embeddable":true,"href":"https:\/\/tvrtko.jolic.ifzg.hr\/index.php\/wp-json\/wp\/v2\/comments?post=21"}],"version-history":[{"count":5,"href":"https:\/\/tvrtko.jolic.ifzg.hr\/index.php\/wp-json\/wp\/v2\/pages\/21\/revisions"}],"predecessor-version":[{"id":70,"href":"https:\/\/tvrtko.jolic.ifzg.hr\/index.php\/wp-json\/wp\/v2\/pages\/21\/revisions\/70"}],"wp:attachment":[{"href":"https:\/\/tvrtko.jolic.ifzg.hr\/index.php\/wp-json\/wp\/v2\/media?parent=21"}],"curies":[{"name":"wp","href":"https:\/\/api.w.org\/{rel}","templated":true}]}}